{"id":2572,"date":"2026-03-23T09:23:30","date_gmt":"2026-03-23T08:23:30","guid":{"rendered":"https:\/\/alpenzoo.at\/?page_id=2572"},"modified":"2026-03-30T12:33:13","modified_gmt":"2026-03-30T10:33:13","slug":"artenschutzprojekt-bayerische-kurzohrmaus","status":"publish","type":"page","link":"https:\/\/alpenzoo.at\/en\/artenschutzprojekt-bayerische-kurzohrmaus\/","title":{"rendered":"Artenschutzprojekt Bayerische Kurzohrmaus"},"content":{"rendered":"\t\t<div data-elementor-type=\"wp-page\" data-elementor-id=\"2572\" class=\"elementor elementor-2572\" data-elementor-post-type=\"page\">\n\t\t\t\t<div class=\"elementor-element elementor-element-95211c5 e-con-full hero e-flex e-con e-parent\" data-id=\"95211c5\" data-element_type=\"container\" data-e-type=\"container\" data-settings=\"{&quot;background_background&quot;:&quot;classic&quot;,&quot;shape_divider_bottom&quot;:&quot;curve-asymmetrical&quot;,&quot;shape_divider_bottom_negative&quot;:&quot;yes&quot;}\">\n\t\t\t\t<div class=\"elementor-shape elementor-shape-bottom\" aria-hidden=\"true\" data-negative=\"true\">\n\t\t\t<svg xmlns=\"http:\/\/www.w3.org\/2000\/svg\" viewBox=\"0 0 1000 100\" preserveAspectRatio=\"none\">\n\t<path class=\"elementor-shape-fill\" d=\"M615.2,96.7C240.2,97.8,0,18.9,0,0v100h1000V0C1000,19.2,989.8,96,615.2,96.7z\"\/>\n<\/svg>\t\t<\/div>\n\t\t<div class=\"elementor-element elementor-element-9d5acf7 e-con-full e-flex e-con e-child\" data-id=\"9d5acf7\" data-element_type=\"container\" data-e-type=\"container\">\n\t\t\t\t<div class=\"elementor-element elementor-element-0266bfb elementor-widget elementor-widget-spacer\" data-id=\"0266bfb\" data-element_type=\"widget\" data-e-type=\"widget\" data-widget_type=\"spacer.default\">\n\t\t\t\t<div class=\"elementor-widget-container\">\n\t\t\t\t\t\t\t<div class=\"elementor-spacer\">\n\t\t\t<div class=\"elementor-spacer-inner\"><\/div>\n\t\t<\/div>\n\t\t\t\t\t\t<\/div>\n\t\t\t\t<\/div>\n\t\t\t\t<\/div>\n\t\t\t\t<\/div>\n\t\t\t\t<section class=\"elementor-section elementor-top-section elementor-element elementor-element-f9c4dd7 elementor-section-height-min-height elementor-section-boxed elementor-section-height-default elementor-section-items-middle\" data-id=\"f9c4dd7\" data-element_type=\"section\" data-e-type=\"section\">\n\t\t\t\t\t\t<div class=\"elementor-container elementor-column-gap-default\">\n\t\t\t\t\t<div class=\"elementor-column elementor-col-50 elementor-top-column elementor-element elementor-element-06acdf3\" data-id=\"06acdf3\" data-element_type=\"column\" data-e-type=\"column\">\n\t\t\t<div class=\"elementor-widget-wrap elementor-element-populated\">\n\t\t\t\t\t\t<div class=\"elementor-element elementor-element-f4836db elementor-widget elementor-widget-spacer\" data-id=\"f4836db\" data-element_type=\"widget\" data-e-type=\"widget\" data-widget_type=\"spacer.default\">\n\t\t\t\t<div class=\"elementor-widget-container\">\n\t\t\t\t\t\t\t<div class=\"elementor-spacer\">\n\t\t\t<div class=\"elementor-spacer-inner\"><\/div>\n\t\t<\/div>\n\t\t\t\t\t\t<\/div>\n\t\t\t\t<\/div>\n\t\t\t\t\t<\/div>\n\t\t<\/div>\n\t\t\t\t<div class=\"elementor-column elementor-col-50 elementor-top-column elementor-element elementor-element-de574dd\" data-id=\"de574dd\" data-element_type=\"column\" data-e-type=\"column\">\n\t\t\t<div class=\"elementor-widget-wrap elementor-element-populated\">\n\t\t\t\t\t\t<div class=\"elementor-element elementor-element-a828cf7 elementor-widget elementor-widget-spacer\" data-id=\"a828cf7\" data-element_type=\"widget\" data-e-type=\"widget\" data-widget_type=\"spacer.default\">\n\t\t\t\t<div class=\"elementor-widget-container\">\n\t\t\t\t\t\t\t<div class=\"elementor-spacer\">\n\t\t\t<div class=\"elementor-spacer-inner\"><\/div>\n\t\t<\/div>\n\t\t\t\t\t\t<\/div>\n\t\t\t\t<\/div>\n\t\t\t\t\t<\/div>\n\t\t<\/div>\n\t\t\t\t\t<\/div>\n\t\t<\/section>\n\t\t<div class=\"elementor-element elementor-element-50d4ce9 e-con-full e-flex e-con e-parent\" data-id=\"50d4ce9\" data-element_type=\"container\" data-e-type=\"container\">\n\t\t\t\t<div class=\"elementor-element elementor-element-5593fc9 e-transform e-transform elementor-widget elementor-widget-lottie\" data-id=\"5593fc9\" data-element_type=\"widget\" data-e-type=\"widget\" data-settings=\"{&quot;source_json&quot;:{&quot;url&quot;:&quot;https:\\\/\\\/alpenzoo.at\\\/wp-content\\\/uploads\\\/sites\\\/44\\\/2024\\\/12\\\/alpenzoo-tierspuren-baer.json&quot;,&quot;id&quot;:30,&quot;size&quot;:&quot;&quot;,&quot;alt&quot;:&quot;&quot;,&quot;source&quot;:&quot;library&quot;},&quot;loop&quot;:&quot;yes&quot;,&quot;_transform_flipX_effect&quot;:&quot;transform&quot;,&quot;_transform_flipY_effect&quot;:&quot;transform&quot;,&quot;play_speed&quot;:{&quot;unit&quot;:&quot;px&quot;,&quot;size&quot;:&quot;0.6&quot;,&quot;sizes&quot;:[]},&quot;lazyload&quot;:&quot;yes&quot;,&quot;source&quot;:&quot;media_file&quot;,&quot;caption_source&quot;:&quot;none&quot;,&quot;link_to&quot;:&quot;none&quot;,&quot;trigger&quot;:&quot;arriving_to_viewport&quot;,&quot;viewport&quot;:{&quot;unit&quot;:&quot;%&quot;,&quot;size&quot;:&quot;&quot;,&quot;sizes&quot;:{&quot;start&quot;:0,&quot;end&quot;:100}},&quot;start_point&quot;:{&quot;unit&quot;:&quot;%&quot;,&quot;size&quot;:0,&quot;sizes&quot;:[]},&quot;end_point&quot;:{&quot;unit&quot;:&quot;%&quot;,&quot;size&quot;:100,&quot;sizes&quot;:[]},&quot;renderer&quot;:&quot;svg&quot;}\" data-widget_type=\"lottie.default\">\n\t\t\t\t<div class=\"elementor-widget-container\">\n\t\t\t\t\t<div class=\"e-lottie__container\"><div class=\"e-lottie__animation\"><\/div><\/div>\t\t\t\t<\/div>\n\t\t\t\t<\/div>\n\t\t\t\t<\/div>\n\t\t<div class=\"elementor-element elementor-element-eac8084 e-flex e-con-boxed e-con e-parent\" data-id=\"eac8084\" data-element_type=\"container\" data-e-type=\"container\">\n\t\t\t\t\t<div class=\"e-con-inner\">\n\t\t\t\t<div class=\"elementor-element elementor-element-53e3228 elementor-widget elementor-widget-heading\" data-id=\"53e3228\" data-element_type=\"widget\" data-e-type=\"widget\" data-widget_type=\"heading.default\">\n\t\t\t\t<div class=\"elementor-widget-container\">\n\t\t\t\t\t<h1 class=\"elementor-heading-title elementor-size-default\">Wir retten eine (fast) unbekannte Art \u2013 Das Artenschutzprojekt Bayerische Kurzohrmaus (<i>Microtus bavaricus<\/i>)<\/h1>\t\t\t\t<\/div>\n\t\t\t\t<\/div>\n\t\t\t\t<div class=\"elementor-element elementor-element-3565676 elementor-widget elementor-widget-image\" data-id=\"3565676\" data-element_type=\"widget\" data-e-type=\"widget\" data-widget_type=\"image.default\">\n\t\t\t\t<div class=\"elementor-widget-container\">\n\t\t\t\t\t\t\t\t\t\t\t\t\t\t\t<img fetchpriority=\"high\" decoding=\"async\" width=\"1218\" height=\"199\" src=\"https:\/\/alpenzoo.at\/wp-content\/uploads\/sites\/44\/2025\/09\/Logo-Interreg.png\" class=\"attachment-full size-full wp-image-2630\" alt=\"\" srcset=\"https:\/\/alpenzoo.at\/wp-content\/uploads\/sites\/44\/2025\/09\/Logo-Interreg.png 1218w, https:\/\/alpenzoo.at\/wp-content\/uploads\/sites\/44\/2025\/09\/Logo-Interreg-300x49.png 300w, https:\/\/alpenzoo.at\/wp-content\/uploads\/sites\/44\/2025\/09\/Logo-Interreg-1024x167.png 1024w, https:\/\/alpenzoo.at\/wp-content\/uploads\/sites\/44\/2025\/09\/Logo-Interreg-768x125.png 768w, https:\/\/alpenzoo.at\/wp-content\/uploads\/sites\/44\/2025\/09\/Logo-Interreg-18x3.png 18w\" sizes=\"(max-width: 1218px) 100vw, 1218px\" \/>\t\t\t\t\t\t\t\t\t\t\t\t\t\t\t<\/div>\n\t\t\t\t<\/div>\n\t\t\t\t<div class=\"elementor-element elementor-element-bd4b5dc elementor-widget__width-initial elementor-widget elementor-widget-text-editor\" data-id=\"bd4b5dc\" data-element_type=\"widget\" data-e-type=\"widget\" data-widget_type=\"text-editor.default\">\n\t\t\t\t<div class=\"elementor-widget-container\">\n\t\t\t\t\t\t\t\t\t<p><span data-contrast=\"auto\">Der Alpenzoo Innsbruck-Tirol und die Staatliche Vogelschutzwarte Garmisch-Partenkirchen im Bayerischen Landesamt f\u00fcr Umwelt (LfU) f\u00fchren gemeinsam ein Artenschutzprojekt zur Rettung der <span style=\"text-decoration: underline;\"><strong><a href=\"https:\/\/www.alpenzoo.at\/bayerische-kurzohrmaus\/\">Bayerischen Kurzohrmaus (<\/a><\/strong><\/span><\/span><span style=\"text-decoration: underline;\"><em><strong>Microtus bavaricus<\/strong><\/em><\/span><span data-contrast=\"auto\"><span style=\"text-decoration: underline;\"><strong>)<\/strong><\/span> durch. Diese grenz\u00fcbergreifende Initiative widmet sich dem Schutz dieser vom Aussterben bedrohten W\u00fchlmausart.<\/span><span data-ccp-props=\"{&quot;335551550&quot;:6,&quot;335551620&quot;:6}\">\u00a0<\/span><\/p><p><span data-contrast=\"auto\">Die Bayerische Kurzohrmaus wurde erstmals 1962 bei Garmisch-Partenkirchen entdeckt und galt nach jahrzehntelangem Nichtauftreten als verschollen \u2013 bis 2023 nach langj\u00e4hriger Suche durch das LfU Bayern wieder Individuen in Mittenwald nachgewiesen wurden. Bis dahin lag das einzig weitere bekannte Vorkommen in Nordtirol, nahe des Alpenzoo Innsbruck-Tirol. Aufgrund ihres kleinen Verbreitungsgebiets und der sehr kleinen Population ist sie in der Roten Liste Deutschlands als \u201eAusgestorben oder verschollen\u201c und in der Roten Liste \u00d6sterreichs als \u201evom Aussterben bedroht\u201c eingestuft.\u00a0<\/span><span data-ccp-props=\"{&quot;335551550&quot;:6,&quot;335551620&quot;:6}\">\u00a0<\/span><\/p><p><span data-contrast=\"auto\">Die Arbeit des Alpenzoos zum Schutz der Bayerischen Kurzohrmaus umfasst:\u202f<\/span><span data-ccp-props=\"{&quot;335551550&quot;:6,&quot;335551620&quot;:6}\">\u00a0<\/span><\/p><ul><li data-leveltext=\"\uf0b7\" data-font=\"Symbol\" data-listid=\"1\" data-list-defn-props=\"{&quot;335552541&quot;:1,&quot;335559685&quot;:720,&quot;335559991&quot;:360,&quot;469769226&quot;:&quot;Symbol&quot;,&quot;469769242&quot;:[8226],&quot;469777803&quot;:&quot;left&quot;,&quot;469777804&quot;:&quot;\uf0b7&quot;,&quot;469777815&quot;:&quot;hybridMultilevel&quot;}\" data-aria-posinset=\"1\" data-aria-level=\"1\"><span data-contrast=\"auto\">Regelm\u00e4\u00dfiges \u201ein-situ\u201c-Monitoring der verbliebenen Populationen in Bayern und Tirol sowie Suche nach weiteren, bisher nicht bekannten Vorkommen in der Region;\u202f<\/span><span data-ccp-props=\"{&quot;335551550&quot;:6,&quot;335551620&quot;:6}\">\u00a0<\/span><\/li><\/ul><ul><li data-leveltext=\"\uf0b7\" data-font=\"Symbol\" data-listid=\"1\" data-list-defn-props=\"{&quot;335552541&quot;:1,&quot;335559685&quot;:720,&quot;335559991&quot;:360,&quot;469769226&quot;:&quot;Symbol&quot;,&quot;469769242&quot;:[8226],&quot;469777803&quot;:&quot;left&quot;,&quot;469777804&quot;:&quot;\uf0b7&quot;,&quot;469777815&quot;:&quot;hybridMultilevel&quot;}\" data-aria-posinset=\"2\" data-aria-level=\"1\"><span data-contrast=\"auto\">Schutzma\u00dfnahmen und Habitatmanagement, um geeignete Lebensr\u00e4ume zu bewahren und zu optimieren;\u00a0<\/span><span data-ccp-props=\"{&quot;335551550&quot;:6,&quot;335551620&quot;:6}\">\u00a0<\/span><\/li><\/ul><ul><li data-leveltext=\"\uf0b7\" data-font=\"Symbol\" data-listid=\"1\" data-list-defn-props=\"{&quot;335552541&quot;:1,&quot;335559685&quot;:720,&quot;335559991&quot;:360,&quot;469769226&quot;:&quot;Symbol&quot;,&quot;469769242&quot;:[8226],&quot;469777803&quot;:&quot;left&quot;,&quot;469777804&quot;:&quot;\uf0b7&quot;,&quot;469777815&quot;:&quot;hybridMultilevel&quot;}\" data-aria-posinset=\"3\" data-aria-level=\"1\"><span data-contrast=\"auto\">Nachzucht der Bayerischen Kurzohrmaus in Zusammenarbeit mit anderen Zoos zur \u201eex-situ\u201c-Arterhaltung und Auswilderung bzw. Wiederansiedelung in geeigneten Lebensr\u00e4umen; sowie<\/span><span data-ccp-props=\"{&quot;335551550&quot;:6,&quot;335551620&quot;:6}\">\u00a0<\/span><\/li><\/ul><ul><li data-leveltext=\"\uf0b7\" data-font=\"Symbol\" data-listid=\"1\" data-list-defn-props=\"{&quot;335552541&quot;:1,&quot;335559685&quot;:720,&quot;335559991&quot;:360,&quot;469769226&quot;:&quot;Symbol&quot;,&quot;469769242&quot;:[8226],&quot;469777803&quot;:&quot;left&quot;,&quot;469777804&quot;:&quot;\uf0b7&quot;,&quot;469777815&quot;:&quot;hybridMultilevel&quot;}\" data-aria-posinset=\"4\" data-aria-level=\"1\"><span data-contrast=\"auto\">\u2060<\/span><span data-contrast=\"auto\">\u00d6ffentlichkeitsarbeit und Umweltbildung, um auf die Bedeutung dieser einzigartigen Art in der Alpenregion aufmerksam zu machen.\u202f<\/span><span data-ccp-props=\"{&quot;335551550&quot;:6,&quot;335551620&quot;:6}\">\u00a0<\/span><\/li><\/ul><p><span data-contrast=\"auto\"><br \/>Das Kurzohrmaus-Projekt wird in Teilen Bayerns und \u00d6sterreich mit Unterst\u00fctzung einiger Partnerinstitutionen durchgef\u00fchrt. Ma\u00dfnahmen innerhalb des Gebiets der <span style=\"text-decoration: underline;\"><strong><a href=\"https:\/\/www.euregio-zwk.org\/\" target=\"_blank\" rel=\"noopener\">EUREGIO Zugspitze-Wetterstein-Karwendel<\/a><\/strong><\/span> werden als Teil des Projektes \u201e<strong>BA0200319 \u2013 Wir retten eine (fast) unbekannte Art \u2013 Das Artenschutzprojekt Bayerische Kurzohrmaus (<i data-ogsc=\"\">Microtus bavaricus<\/i>) in der EZWK 2025-2026<\/strong>\u201c zu 75 % aus EU-F\u00f6rdermitteln f\u00fcr regionale Entwicklung (EFRE) des INTERREG VI-A Programms Bayern-\u00d6sterreich 2021-2027 sowie durch weitere Mittel des Alpenzoos gef\u00f6rdert. Arbeiten \u00fcber die EZWK-Region hinaus werden durch Mittel des Alpenzoos erm\u00f6glicht. <\/span><span data-ccp-props=\"{&quot;335551550&quot;:6,&quot;335551620&quot;:6}\">\u00a0<\/span><\/p><p><span data-contrast=\"auto\">Ein weiterer wichtiger Aspekt ist die Einrichtung eines IUCN-Artenschutzzentrums am Alpenzoo Innsbruck-Tirol. Die IUCN (International Union for Conservation of Nature and Natural Resources, zu deutsch: Internationale Union zur Bewahrung der Natur), eine der gr\u00f6\u00dften Nicht-Regierungsorganisationen im Bereich Naturschutz, ist eine wichtige Partnerorganisation. Weitere Partner sind bisher zum Beispiel verschiedene Expertengruppen der IUCN (z.B. f\u00fcr Kleins\u00e4uger, f\u00fcr Katzen, u.a.), das Land Tirol, die Aufwind GmbH f\u00fcr Natur- und Umweltschutz, das Bayerische Landesamt f\u00fcr Umwelt, und verschiedene Forschungseinrichtungen. Das <a href=\"https:\/\/iucn.org\/our-union\/commissions\/species-survival-commission\/partners-and-donors\/centers-species-survival\/css-small-mammals-alpen-zoo\" target=\"_blank\" rel=\"noopener\"><span style=\"text-decoration: underline;\"><strong>IUCN-Artenschutzzentrum<\/strong><\/span><\/a> am Alpenzoo soll den langfristigen Erhalt gef\u00e4hrdeter Kleins\u00e4uger und anderer alpiner Tierarten f\u00f6rdern und starke regionale sowie internationale Zusammenarbeit mit vielf\u00e4ltigen Partnerinstitutionen erm\u00f6glichen.<\/span><\/p><div class=\"x_elementToProof\" data-ogsc=\"rgb(0, 0, 0)\" data-olk-copy-source=\"MessageBody\">Das Artenschutzzentrum des Alpenzoo wurde etabliert im Rahmen <span data-ogsc=\"black\">des Projekts &#8222;BA0200319 \u2013 Wir retten eine (fast) unbekannte Art \u2013 Das Artenschutzprojekt Bayerische Kurzohrmaus (<i data-ogsc=\"\">Microtus bavaricus<\/i>) in der EZWK&#8220;, gef\u00f6rdert durch INTERREG VI-A Bayern-\u00d6sterreich\u00a02021-2027.<\/span><\/div><div data-ogsc=\"rgb(0, 0, 0)\" data-olk-copy-source=\"MessageBody\">\u00a0<\/div><div data-ogsc=\"rgb(0, 0, 0)\" data-olk-copy-source=\"MessageBody\">Weiterf\u00fchrende Links:<\/div><div data-ogsc=\"rgb(0, 0, 0)\" data-olk-copy-source=\"MessageBody\"><span style=\"text-decoration: underline;\"><a href=\"https:\/\/alpenzoo.at\/eine-maus-unterm-weihnachtsbaum\/\"><strong>Pressemitteilung 9.12.2025:<\/strong> Eine Maus unterm Weihnachtsbaum!<\/a><\/span><\/div><div data-ogsc=\"rgb(0, 0, 0)\" data-olk-copy-source=\"MessageBody\"><a href=\"https:\/\/alpenzoo.at\/von-feuersalamandern-und-anderen-wilden-tieren-zoos-schuetzen-bedrohte-arten-gemeinsam\/\"><span style=\"text-decoration: underline;\"><strong>Pressemitteilung 5.12.2025: <\/strong>Von Feuersalamandern und anderen wilden Tieren: Zoos sch\u00fctzen bedrohte Arten gemeinsam<\/span><\/a><\/div><div data-ogsc=\"rgb(0, 0, 0)\" data-olk-copy-source=\"MessageBody\"><span style=\"text-decoration: underline;\"><a href=\"https:\/\/alpenzoo.at\/der-alpenzoo-innsbruck-beim-weltnaturschutzkongress-2025-in-abu-dhabi\/\"><strong>Pressemitteilung 28.10.2025:<\/strong> Der Alpenzoo Innsbruck beim Weltnaturschutzkongress 2025 in Abu Dhabi<\/a><\/span><\/div><div data-ogsc=\"rgb(0, 0, 0)\" data-olk-copy-source=\"MessageBody\"><a href=\"https:\/\/alpenzoo.at\/der-alpenzoo-ist-jetzt-mitglied-der-weltnaturschutzorganisation-iucn\/\"><span style=\"text-decoration: underline;\"><strong>Pressemitteilung 8.9.2025:<\/strong> Der Alpenzoo ist jetzt Mitglied der Weltnaturschutzorganisation IUCN<\/span><\/a><\/div><div data-ogsc=\"rgb(0, 0, 0)\" data-olk-copy-source=\"MessageBody\"><span style=\"text-decoration: underline;\"><a href=\"https:\/\/alpenzoo.at\/rettung-einer-fast-unbekannten-art-finaler-startschuss-fuer-das-artenschutzprojekt-bayerische-kurzohrmaus\/\"><strong>Pressemitteilung 20.3.2025:<\/strong> Rettung einer (fast) unbekannten Art: Finaler Startschuss f\u00fcr das Artenschutzprojekt Bayerische Kurzohrmaus<\/a><\/span><\/div><div data-ogsc=\"rgb(0, 0, 0)\" data-olk-copy-source=\"MessageBody\"><a href=\"https:\/\/iucn.org\/our-union\/commissions\/species-survival-commission\/partners-and-donors\/centers-species-survival\/css-small-mammals-alpen-zoo\" target=\"_blank\" rel=\"noopener\"><span style=\"text-decoration: underline;\"><strong>Unser Artenschutzzentrum f\u00fcr Kleins\u00e4uger &#8211; IUCN Center for Species Survival Small Mammals &#8211; Alpenzoo Innsbruck-Tirol<\/strong><\/span><\/a><\/div><div data-ogsc=\"black\">\u00a0<\/div>\t\t\t\t\t\t\t\t<\/div>\n\t\t\t\t<\/div>\n\t\t\t\t<div class=\"elementor-element elementor-element-2d5598e elementor-widget elementor-widget-image\" data-id=\"2d5598e\" data-element_type=\"widget\" data-e-type=\"widget\" data-widget_type=\"image.default\">\n\t\t\t\t<div class=\"elementor-widget-container\">\n\t\t\t\t\t\t\t\t\t\t\t\t\t\t\t<img decoding=\"async\" width=\"300\" height=\"125\" src=\"https:\/\/alpenzoo.at\/wp-content\/uploads\/sites\/44\/2025\/09\/Doppel-Logo-Alpenzoo-CSS_2025-09-22-300x125.jpg\" class=\"attachment-medium size-medium wp-image-2636\" alt=\"\" srcset=\"https:\/\/alpenzoo.at\/wp-content\/uploads\/sites\/44\/2025\/09\/Doppel-Logo-Alpenzoo-CSS_2025-09-22-300x125.jpg 300w, https:\/\/alpenzoo.at\/wp-content\/uploads\/sites\/44\/2025\/09\/Doppel-Logo-Alpenzoo-CSS_2025-09-22-1024x427.jpg 1024w, https:\/\/alpenzoo.at\/wp-content\/uploads\/sites\/44\/2025\/09\/Doppel-Logo-Alpenzoo-CSS_2025-09-22-768x320.jpg 768w, https:\/\/alpenzoo.at\/wp-content\/uploads\/sites\/44\/2025\/09\/Doppel-Logo-Alpenzoo-CSS_2025-09-22-1536x640.jpg 1536w, https:\/\/alpenzoo.at\/wp-content\/uploads\/sites\/44\/2025\/09\/Doppel-Logo-Alpenzoo-CSS_2025-09-22-18x8.jpg 18w, https:\/\/alpenzoo.at\/wp-content\/uploads\/sites\/44\/2025\/09\/Doppel-Logo-Alpenzoo-CSS_2025-09-22.jpg 1600w\" sizes=\"(max-width: 300px) 100vw, 300px\" \/>\t\t\t\t\t\t\t\t\t\t\t\t\t\t\t<\/div>\n\t\t\t\t<\/div>\n\t\t\t\t<div class=\"elementor-element elementor-element-2f0cffe elementor-widget elementor-widget-image\" data-id=\"2f0cffe\" data-element_type=\"widget\" data-e-type=\"widget\" data-widget_type=\"image.default\">\n\t\t\t\t<div class=\"elementor-widget-container\">\n\t\t\t\t\t\t\t\t\t\t\t\t\t\t\t<img decoding=\"async\" width=\"800\" height=\"534\" src=\"https:\/\/alpenzoo.at\/wp-content\/uploads\/sites\/44\/2025\/08\/Kurzohrmaus-1024x683.webp\" class=\"attachment-large size-large wp-image-1312\" alt=\"\" srcset=\"https:\/\/alpenzoo.at\/wp-content\/uploads\/sites\/44\/2025\/08\/Kurzohrmaus-1024x683.webp 1024w, https:\/\/alpenzoo.at\/wp-content\/uploads\/sites\/44\/2025\/08\/Kurzohrmaus-300x200.webp 300w, https:\/\/alpenzoo.at\/wp-content\/uploads\/sites\/44\/2025\/08\/Kurzohrmaus-768x512.webp 768w, https:\/\/alpenzoo.at\/wp-content\/uploads\/sites\/44\/2025\/08\/Kurzohrmaus-18x12.webp 18w, https:\/\/alpenzoo.at\/wp-content\/uploads\/sites\/44\/2025\/08\/Kurzohrmaus.webp 1200w\" sizes=\"(max-width: 800px) 100vw, 800px\" \/>\t\t\t\t\t\t\t\t\t\t\t\t\t\t\t<\/div>\n\t\t\t\t<\/div>\n\t\t\t\t\t<\/div>\n\t\t\t\t<\/div>\n\t\t<div class=\"elementor-element elementor-element-e38efa6 e-con-full e-flex e-con e-parent\" data-id=\"e38efa6\" data-element_type=\"container\" data-e-type=\"container\" data-settings=\"{&quot;background_background&quot;:&quot;classic&quot;}\">\n\t\t<div class=\"elementor-element elementor-element-0bd227c e-con-full e-flex e-con e-child\" data-id=\"0bd227c\" data-element_type=\"container\" data-e-type=\"container\">\n\t\t\t\t<div class=\"elementor-element elementor-element-39680de elementor-widget elementor-widget-heading\" data-id=\"39680de\" data-element_type=\"widget\" data-e-type=\"widget\" data-widget_type=\"heading.default\">\n\t\t\t\t<div class=\"elementor-widget-container\">\n\t\t\t\t\t<h2 class=\"elementor-heading-title elementor-size-default\">Mehr \u00fcber Natur &amp; Artenschutz <br>im Alpenzoo<\/h2>\t\t\t\t<\/div>\n\t\t\t\t<\/div>\n\t\t\t\t<div class=\"elementor-element elementor-element-3983f5b elementor-align-center elementor-widget elementor-widget-button\" data-id=\"3983f5b\" data-element_type=\"widget\" data-e-type=\"widget\" data-widget_type=\"button.default\">\n\t\t\t\t<div class=\"elementor-widget-container\">\n\t\t\t\t\t\t\t\t\t<div class=\"elementor-button-wrapper\">\n\t\t\t\t\t<a class=\"elementor-button elementor-button-link elementor-size-md\" href=\"https:\/\/alpenzoo.at\/en\/natur-artenschutz\/\">\n\t\t\t\t\t\t<span class=\"elementor-button-content-wrapper\">\n\t\t\t\t\t\t\t\t\t<span class=\"elementor-button-text\">Natur &amp; Artenschutz<\/span>\n\t\t\t\t\t<\/span>\n\t\t\t\t\t<\/a>\n\t\t\t\t<\/div>\n\t\t\t\t\t\t\t\t<\/div>\n\t\t\t\t<\/div>\n\t\t\t\t<\/div>\n\t\t\t\t<\/div>\n\t\t\t\t<\/div>\n\t\t","protected":false},"excerpt":{"rendered":"<p>Wir retten eine (fast) unbekannte Art \u2013 Das Artenschutzprojekt Bayerische Kurzohrmaus (Microtus bavaricus) Der Alpenzoo Innsbruck-Tirol und die Staatliche Vogelschutzwarte Garmisch-Partenkirchen im Bayerischen Landesamt f\u00fcr Umwelt (LfU) f\u00fchren gemeinsam ein Artenschutzprojekt zur Rettung der Bayerischen Kurzohrmaus (Microtus bavaricus) durch. Diese grenz\u00fcbergreifende Initiative widmet sich dem Schutz dieser vom Aussterben bedrohten W\u00fchlmausart.\u00a0 Die Bayerische Kurzohrmaus wurde [&hellip;]<\/p>\n","protected":false},"author":1,"featured_media":0,"parent":0,"menu_order":0,"comment_status":"closed","ping_status":"closed","template":"","meta":{"footnotes":""},"wf_page_folders":[],"class_list":["post-2572","page","type-page","status-publish","hentry"],"_links":{"self":[{"href":"https:\/\/alpenzoo.at\/en\/wp-json\/wp\/v2\/pages\/2572","targetHints":{"allow":["GET"]}}],"collection":[{"href":"https:\/\/alpenzoo.at\/en\/wp-json\/wp\/v2\/pages"}],"about":[{"href":"https:\/\/alpenzoo.at\/en\/wp-json\/wp\/v2\/types\/page"}],"author":[{"embeddable":true,"href":"https:\/\/alpenzoo.at\/en\/wp-json\/wp\/v2\/users\/1"}],"replies":[{"embeddable":true,"href":"https:\/\/alpenzoo.at\/en\/wp-json\/wp\/v2\/comments?post=2572"}],"version-history":[{"count":55,"href":"https:\/\/alpenzoo.at\/en\/wp-json\/wp\/v2\/pages\/2572\/revisions"}],"predecessor-version":[{"id":2685,"href":"https:\/\/alpenzoo.at\/en\/wp-json\/wp\/v2\/pages\/2572\/revisions\/2685"}],"wp:attachment":[{"href":"https:\/\/alpenzoo.at\/en\/wp-json\/wp\/v2\/media?parent=2572"}],"wp:term":[{"taxonomy":"wf_page_folders","embeddable":true,"href":"https:\/\/alpenzoo.at\/en\/wp-json\/wp\/v2\/wf_page_folders?post=2572"}],"curies":[{"name":"wp","href":"https:\/\/api.w.org\/{rel}","templated":true}]}}